{"id":11,"date":"2015-08-31T14:23:38","date_gmt":"2015-08-31T12:23:38","guid":{"rendered":"http:\/\/wbv-obere-havel-obere-tollense.wbv-mv.de\/?page_id=11"},"modified":"2026-01-05T09:15:07","modified_gmt":"2026-01-05T08:15:07","slug":"kontakt","status":"publish","type":"page","link":"https:\/\/wbv-obere-havel-obere-tollense.wbv-mv.de\/","title":{"rendered":"Herzlich Willkommen"},"content":{"rendered":"<p>&nbsp;<\/p>\n<p>&nbsp;<\/p>\n<p>&nbsp;<\/p>\n<p>&nbsp;<\/p>\n<p style=\"text-align: center;\" align=\"LEFT\"><div id=\"metaslider-id-426\" style=\"max-width: 900px; margin: 0 auto;\" class=\"ml-slider-3-61-0 metaslider metaslider-flex metaslider-426 ml-slider ms-theme-default\" role=\"region\" aria-roledescription=\"Slideshow\" aria-label=\"Neue Diashow\">\n    <div id=\"metaslider_container_426\">\n        <div id=\"metaslider_426\">\n            <ul aria-live=\"polite\" class=\"slides\">\n                <li style=\"display: block; width: 100%;\" class=\"slide-375 ms-image \" aria-roledescription=\"slide\" aria-label=\"slide-375\"><img loading=\"lazy\" decoding=\"async\" src=\"https:\/\/wbv-obere-havel-obere-tollense.wbv-mv.de\/wp-content\/uploads\/2015\/08\/SW-Penzlin-M\u00fchlbruch-2-775x430.jpg\" height=\"500\" width=\"900\" alt=\"\" class=\"slider-426 slide-375\" \/><div class=\"caption-wrap\"><div class=\"caption\">Sch\u00f6pfwerk<\/div><\/div><\/li>\n                <li style=\"display: none; width: 100%;\" class=\"slide-437 ms-image \" aria-roledescription=\"slide\" aria-label=\"slide-437\"><img loading=\"lazy\" decoding=\"async\" src=\"https:\/\/wbv-obere-havel-obere-tollense.wbv-mv.de\/wp-content\/uploads\/2018\/02\/Bagger-maehkorb_klein-400x222.jpg\" height=\"500\" width=\"900\" alt=\"\" class=\"slider-426 slide-437\" \/><div class=\"caption-wrap\"><div class=\"caption\">Krautung der Gew\u00e4ssersohle<\/div><\/div><\/li>\n                <li style=\"display: none; width: 100%;\" class=\"slide-390 ms-image \" aria-roledescription=\"slide\" aria-label=\"slide-390\"><img loading=\"lazy\" decoding=\"async\" src=\"https:\/\/wbv-obere-havel-obere-tollense.wbv-mv.de\/wp-content\/uploads\/2015\/08\/IMG-20170803-WA0008-900x500.jpg\" height=\"500\" width=\"900\" alt=\"\" class=\"slider-426 slide-390\" \/><div class=\"caption-wrap\"><div class=\"caption\">Wurzeleintrag in Rohrleitung<\/div><\/div><\/li>\n                <li style=\"display: none; width: 100%;\" class=\"slide-427 ms-image \" aria-roledescription=\"slide\" aria-label=\"slide-427\"><img loading=\"lazy\" decoding=\"async\" src=\"https:\/\/wbv-obere-havel-obere-tollense.wbv-mv.de\/wp-content\/uploads\/2018\/02\/Entschlammung-2-900x500.jpg\" height=\"500\" width=\"900\" alt=\"\" class=\"slider-426 slide-427\" \/><div class=\"caption-wrap\"><div class=\"caption\">Entschlammung  Mahlbusen<\/div><\/div><\/li>\n                <li style=\"display: none; width: 100%;\" class=\"slide-393 ms-image \" aria-roledescription=\"slide\" aria-label=\"slide-393\"><img loading=\"lazy\" decoding=\"async\" src=\"https:\/\/wbv-obere-havel-obere-tollense.wbv-mv.de\/wp-content\/uploads\/2015\/08\/IMG-20170803-WA0010-900x500.jpg\" height=\"500\" width=\"900\" alt=\"\" class=\"slider-426 slide-393\" \/><div class=\"caption-wrap\"><div class=\"caption\">Trichter auf Rohrleitung<\/div><\/div><\/li>\n                <li style=\"display: none; width: 100%;\" class=\"slide-253 ms-image \" aria-roledescription=\"slide\" aria-label=\"slide-253\"><img loading=\"lazy\" decoding=\"async\" src=\"https:\/\/wbv-obere-havel-obere-tollense.wbv-mv.de\/wp-content\/uploads\/2017\/01\/IMG_2210-775x430.jpg\" height=\"500\" width=\"900\" alt=\"\" class=\"slider-426 slide-253\" \/><div class=\"caption-wrap\"><div class=\"caption\">Pumpenreparatur an einem Sch\u00f6pfwerk<\/div><\/div><\/li>\n                <li style=\"display: none; width: 100%;\" class=\"slide-436 ms-image \" aria-roledescription=\"slide\" aria-label=\"slide-436\"><img loading=\"lazy\" decoding=\"async\" src=\"https:\/\/wbv-obere-havel-obere-tollense.wbv-mv.de\/wp-content\/uploads\/2018\/02\/IMG_1508-775x430.jpg\" height=\"500\" width=\"900\" alt=\"\" class=\"slider-426 slide-436\" \/><div class=\"caption-wrap\"><div class=\"caption\">Gew\u00e4sserunterhaltung <\/div><\/div><\/li>\n                <li style=\"display: none; width: 100%;\" class=\"slide-439 ms-image \" aria-roledescription=\"slide\" aria-label=\"slide-439\"><img loading=\"lazy\" decoding=\"async\" src=\"https:\/\/wbv-obere-havel-obere-tollense.wbv-mv.de\/wp-content\/uploads\/2018\/02\/IMG_5275-900x500.jpg\" height=\"500\" width=\"900\" alt=\"\" class=\"slider-426 slide-439\" \/><div class=\"caption-wrap\"><div class=\"caption\">Rohrleitungsreparatur<\/div><\/div><\/li>\n                <li style=\"display: none; width: 100%;\" class=\"slide-528 ms-image \" aria-roledescription=\"slide\" aria-label=\"slide-528\"><img loading=\"lazy\" decoding=\"async\" src=\"https:\/\/wbv-obere-havel-obere-tollense.wbv-mv.de\/wp-content\/uploads\/2019\/02\/IMG-20180724-WA0000-900x500.jpg\" height=\"500\" width=\"900\" alt=\"\" class=\"slider-426 slide-528\" title=\"IMG-20180724-WA0000\" \/><div class=\"caption-wrap\"><div class=\"caption\">Saugbagger bei der Arbeit<\/div><\/div><\/li>\n                <li style=\"display: none; width: 100%;\" class=\"slide-530 ms-image \" aria-roledescription=\"slide\" aria-label=\"slide-530\"><img loading=\"lazy\" decoding=\"async\" src=\"https:\/\/wbv-obere-havel-obere-tollense.wbv-mv.de\/wp-content\/uploads\/2019\/02\/DSC_0368-900x500.jpg\" height=\"500\" width=\"900\" alt=\"\" class=\"slider-426 slide-530\" title=\"DSC_0368\" \/><div class=\"caption-wrap\"><div class=\"caption\">Einsatz M\u00e4hboot<\/div><\/div><\/li>\n                <li style=\"display: none; width: 100%;\" class=\"slide-531 ms-image \" aria-roledescription=\"slide\" aria-label=\"slide-531\"><img loading=\"lazy\" decoding=\"async\" src=\"https:\/\/wbv-obere-havel-obere-tollense.wbv-mv.de\/wp-content\/uploads\/2019\/02\/DSC_0340-900x500.jpg\" height=\"500\" width=\"900\" alt=\"\" class=\"slider-426 slide-531\" title=\"DSC_0340\" \/><div class=\"caption-wrap\"><div class=\"caption\">Rohrleitungsreparatur<\/div><\/div><\/li>\n                <li style=\"display: none; width: 100%;\" class=\"slide-537 ms-image \" aria-roledescription=\"slide\" aria-label=\"slide-537\"><img loading=\"lazy\" decoding=\"async\" src=\"https:\/\/wbv-obere-havel-obere-tollense.wbv-mv.de\/wp-content\/uploads\/2019\/02\/DSC_0135-1-900x500.jpg\" height=\"500\" width=\"900\" alt=\"\" class=\"slider-426 slide-537\" title=\"DSC_0135\" \/><div class=\"caption-wrap\"><div class=\"caption\">Ufersicherung <\/div><\/div><\/li>\n                <li style=\"display: none; width: 100%;\" class=\"slide-538 ms-image \" aria-roledescription=\"slide\" aria-label=\"slide-538\"><img loading=\"lazy\" decoding=\"async\" src=\"https:\/\/wbv-obere-havel-obere-tollense.wbv-mv.de\/wp-content\/uploads\/2019\/02\/DSC_0155-1-900x500.jpg\" height=\"500\" width=\"900\" alt=\"\" class=\"slider-426 slide-538\" title=\"DSC_0155\" \/><div class=\"caption-wrap\"><div class=\"caption\">Ufersicherung<\/div><\/div><\/li>\n                <li style=\"display: none; width: 100%;\" class=\"slide-539 ms-image \" aria-roledescription=\"slide\" aria-label=\"slide-539\"><img loading=\"lazy\" decoding=\"async\" src=\"https:\/\/wbv-obere-havel-obere-tollense.wbv-mv.de\/wp-content\/uploads\/2019\/02\/20190215_123614-900x500.jpg\" height=\"500\" width=\"900\" alt=\"\" class=\"slider-426 slide-539\" title=\"20190215_123614\" \/><div class=\"caption-wrap\"><div class=\"caption\">Stauanlage<\/div><\/div><\/li>\n                <li style=\"display: none; width: 100%;\" class=\"slide-541 ms-image \" aria-roledescription=\"slide\" aria-label=\"slide-541\"><img loading=\"lazy\" decoding=\"async\" src=\"https:\/\/wbv-obere-havel-obere-tollense.wbv-mv.de\/wp-content\/uploads\/2019\/02\/20181030_082541-1-900x500.jpg\" height=\"500\" width=\"900\" alt=\"\" class=\"slider-426 slide-541\" title=\"20181030_082541\" \/><div class=\"caption-wrap\"><div class=\"caption\">Durchlass sp\u00fclem<\/div><\/div><\/li>\n                <li style=\"display: none; width: 100%;\" class=\"slide-542 ms-image \" aria-roledescription=\"slide\" aria-label=\"slide-542\"><img loading=\"lazy\" decoding=\"async\" src=\"https:\/\/wbv-obere-havel-obere-tollense.wbv-mv.de\/wp-content\/uploads\/2019\/02\/2013-11-900x500.jpg\" height=\"500\" width=\"900\" alt=\"\" class=\"slider-426 slide-542\" title=\"2013 (11)\" \/><div class=\"caption-wrap\"><div class=\"caption\">Herstellung Gew\u00e4sserprofil<\/div><\/div><\/li>\n                <li style=\"display: none; width: 100%;\" class=\"slide-543 ms-image \" aria-roledescription=\"slide\" aria-label=\"slide-543\"><img loading=\"lazy\" decoding=\"async\" src=\"https:\/\/wbv-obere-havel-obere-tollense.wbv-mv.de\/wp-content\/uploads\/2019\/02\/2015-5-900x500.jpg\" height=\"500\" width=\"900\" alt=\"\" class=\"slider-426 slide-543\" title=\"2015 (5)\" \/><div class=\"caption-wrap\"><div class=\"caption\">Verlegung Rohrleitung<\/div><\/div><\/li>\n                <li style=\"display: none; width: 100%;\" class=\"slide-546 ms-image \" aria-roledescription=\"slide\" aria-label=\"slide-546\"><img loading=\"lazy\" decoding=\"async\" src=\"https:\/\/wbv-obere-havel-obere-tollense.wbv-mv.de\/wp-content\/uploads\/2019\/02\/Havariepumpe-900x500.jpg\" height=\"500\" width=\"900\" alt=\"\" class=\"slider-426 slide-546\" title=\"Havariepumpe\" \/><div class=\"caption-wrap\"><div class=\"caption\">Havariepumpe<\/div><\/div><\/li>\n                <li style=\"display: none; width: 100%;\" class=\"slide-547 ms-image \" aria-roledescription=\"slide\" aria-label=\"slide-547\"><img loading=\"lazy\" decoding=\"async\" src=\"https:\/\/wbv-obere-havel-obere-tollense.wbv-mv.de\/wp-content\/uploads\/2019\/02\/20190215_123007-900x500.jpg\" height=\"500\" width=\"900\" alt=\"\" class=\"slider-426 slide-547\" title=\"20190215_123007\" \/><div class=\"caption-wrap\"><div class=\"caption\">Grundr\u00e4umung der Gew\u00e4ssersohle<\/div><\/div><\/li>\n                <li style=\"display: none; width: 100%;\" class=\"slide-550 ms-image \" aria-roledescription=\"slide\" aria-label=\"slide-550\"><img loading=\"lazy\" decoding=\"async\" src=\"https:\/\/wbv-obere-havel-obere-tollense.wbv-mv.de\/wp-content\/uploads\/2019\/02\/IMG-20190212-WA0083-900x500.jpg\" height=\"500\" width=\"900\" alt=\"\" class=\"slider-426 slide-550\" title=\"IMG-20190212-WA0083\" \/><div class=\"caption-wrap\"><div class=\"caption\">Aufsetzen einer Verwallung<\/div><\/div><\/li>\n                <li style=\"display: none; width: 100%;\" class=\"slide-551 ms-image \" aria-roledescription=\"slide\" aria-label=\"slide-551\"><img loading=\"lazy\" decoding=\"async\" src=\"https:\/\/wbv-obere-havel-obere-tollense.wbv-mv.de\/wp-content\/uploads\/2019\/02\/IMG-20190212-WA0093-900x500.jpg\" height=\"500\" width=\"900\" alt=\"\" class=\"slider-426 slide-551\" title=\"IMG-20190212-WA0093\" \/><div class=\"caption-wrap\"><div class=\"caption\">B\u00f6schungsmahd<\/div><\/div><\/li>\n            <\/ul>\n        <\/div>\n        \n    <\/div>\n<\/div>\n<p align=\"LEFT\">&nbsp;<\/p>\n<p style=\"text-align: center;\" align=\"LEFT\"><i><strong>&nbsp;&nbsp;&nbsp;&nbsp;&nbsp;&nbsp;&nbsp;&nbsp;&nbsp;&nbsp;&nbsp; &nbsp;&nbsp; Wasser- und Bodenverband ,,Obere Havel\/Obere Tollense\u201c<\/strong><br \/>\n<strong>&nbsp;&nbsp;&nbsp;&nbsp;&nbsp;&nbsp;&nbsp;&nbsp;&nbsp;&nbsp;&nbsp;&nbsp; &nbsp; &nbsp; &nbsp; &nbsp;&nbsp; -K\u00f6rperschaft des \u00f6ffentlichen Rechts-&nbsp;&nbsp;&nbsp;&nbsp;&nbsp;&nbsp;&nbsp;<\/strong> <\/i><\/p>\n<p style=\"text-align: center;\" align=\"LEFT\">&nbsp;&nbsp;&nbsp;&nbsp; Ihlenfelder Stra\u00dfe 119<br \/>\n&nbsp;&nbsp;&nbsp;&nbsp; 17034 Neubrandenburg<\/p>\n<p style=\"text-align: center;\" align=\"LEFT\">&nbsp;&nbsp;&nbsp;&nbsp; Tel.&nbsp;&nbsp;(0395) 455 044- 0<br \/>\n&nbsp;&nbsp;&nbsp;&nbsp;&nbsp;&nbsp; E-Mail: <a href=\"mailto:wbv-nb@wbv-mv.de\">wbv-nb@wbv-mv.de<\/a><\/p>\n<p style=\"text-align: center;\" align=\"LEFT\">&nbsp;<\/p>\n<p style=\"text-align: center;\" align=\"LEFT\">&nbsp; &nbsp; &nbsp; &nbsp; hier k\u00f6nnen Sie Ihre Anreise planen:<\/p>\n<p style=\"text-align: center;\">&nbsp;&nbsp; &nbsp; &nbsp; <div id=\"lmm_4fa1f26b\" style=\"width:640px;\" class=\"mapsmarker markermap marker-1\">\n<div id=\"lmm_panel_4fa1f26b\" class=\"lmm-panel\" style=\"background:#efefef;\">\n<div id=\"lmm_panel_api_4fa1f26b\" class=\"lmm-panel-api\"><a href=\"https:\/\/maps.google.com\/maps?daddr=Ihlenfelder+Stra%C3%9Fe+119%2C+Neubrandenburg%2C+Deutschland&amp;t=m&amp;layer=1&amp;doflg=ptk&amp;om=0\" target=\"_blank\" title=\"Wegbeschreibung berechnen\"><img loading=\"lazy\" decoding=\"async\" alt=\"icon-car.png\" src=\"https:\/\/wbv-obere-havel-obere-tollense.wbv-mv.de\/wp-content\/plugins\/leaflet-maps-marker\/inc\/img\/icon-car.png\" width=\"14\" height=\"14\" class=\"lmm-panel-api-images\" \/><\/a><\/div><div id=\"lmm_panel_text_4fa1f26b\" class=\"lmm-panel-text\" style=\"font-weight:bold;color:#373737;\">Verbandssitz WBV 'Obere Havel\/Obere Tollense'<\/div><\/div>\n<div id=\"lmm_map_4fa1f26b\" class=\"lmm-map\" style=\"background:#f6f6f6;border:1px solid #ccc;height:480px; overflow:hidden;padding:0;\"><p style=\"font-size:80%;color:#9f9e9e;margin-left:5px;\">Karte wird geladen - bitte warten...<noscript><br\/><strong>Karte konnte nicht geladen werden - bitte aktivieren Sie Javascript!<\/strong><br\/><a style=\"text-decoration:none;\" href=\"https:\/\/www.mapsmarker.com\/js-disabled\" target=\"_blank\">&rarr; Weitere Informationen<\/a><\/noscript><\/p><\/div>\n<div id=\"lmm_geo_tags_4fa1f26b\" class=\"lmm-geo-tags geo\">\n<span class=\"paneltext\">Verbandssitz WBV \\'Obere Havel\/Obere Tollense\\'<\/span>\n<span class=\"latitude\">53.574900<\/span>, <span class=\"longitude\">13.290250<\/span>\n<span class=\"popuptext\">Wasser- und Bodenverband\r\n\\\"Obere Havel\/Obere Tollense\\\"\r\nIhlenfelder Stra\u00dfe 119\r\n17034 Neubrandenburg\r\n\r\n&nbsp;<\/span>\n<\/div>\n<\/div>\n","protected":false},"excerpt":{"rendered":"<p>&nbsp; &nbsp; &nbsp; &nbsp; &nbsp; &nbsp;&nbsp;&nbsp;&nbsp;&nbsp;&nbsp;&nbsp;&nbsp;&nbsp;&nbsp;&nbsp; &nbsp;&nbsp; Wasser- und Bodenverband ,,Obere Havel\/Obere Tollense\u201c &nbsp;&nbsp;&nbsp;&nbsp;&nbsp;&nbsp;&nbsp;&nbsp;&nbsp;&nbsp;&nbsp;&nbsp; &nbsp; &nbsp; &nbsp; &nbsp;&nbsp; -K\u00f6rperschaft des \u00f6ffentlichen Rechts-&nbsp;&nbsp;&nbsp;&nbsp;&nbsp;&nbsp;&nbsp; &nbsp;&nbsp;&nbsp;&nbsp; Ihlenfelder Stra\u00dfe 119 &nbsp;&nbsp;&nbsp;&nbsp; 17034 Neubrandenburg &nbsp;&nbsp;&nbsp;&nbsp; Tel.&nbsp;&nbsp;(0395) 455 044- 0 &nbsp;&nbsp;&nbsp;&nbsp;&nbsp;&nbsp; E-Mail: wbv-nb@wbv-mv.de &nbsp; &nbsp; &nbsp; &hellip; <a href=\"https:\/\/wbv-obere-havel-obere-tollense.wbv-mv.de\/\">Weiter<\/a><\/p>\n","protected":false},"author":1,"featured_media":0,"parent":0,"menu_order":0,"comment_status":"closed","ping_status":"closed","template":"page-portfolio.php","meta":{"kt_blocks_editor_width":"","ngg_post_thumbnail":0,"footnotes":""},"class_list":["post-11","page","type-page","status-publish","hentry"],"_links":{"self":[{"href":"https:\/\/wbv-obere-havel-obere-tollense.wbv-mv.de\/index.php?rest_route=\/wp\/v2\/pages\/11","targetHints":{"allow":["GET"]}}],"collection":[{"href":"https:\/\/wbv-obere-havel-obere-tollense.wbv-mv.de\/index.php?rest_route=\/wp\/v2\/pages"}],"about":[{"href":"https:\/\/wbv-obere-havel-obere-tollense.wbv-mv.de\/index.php?rest_route=\/wp\/v2\/types\/page"}],"author":[{"embeddable":true,"href":"https:\/\/wbv-obere-havel-obere-tollense.wbv-mv.de\/index.php?rest_route=\/wp\/v2\/users\/1"}],"replies":[{"embeddable":true,"href":"https:\/\/wbv-obere-havel-obere-tollense.wbv-mv.de\/index.php?rest_route=%2Fwp%2Fv2%2Fcomments&post=11"}],"version-history":[{"count":87,"href":"https:\/\/wbv-obere-havel-obere-tollense.wbv-mv.de\/index.php?rest_route=\/wp\/v2\/pages\/11\/revisions"}],"predecessor-version":[{"id":846,"href":"https:\/\/wbv-obere-havel-obere-tollense.wbv-mv.de\/index.php?rest_route=\/wp\/v2\/pages\/11\/revisions\/846"}],"wp:attachment":[{"href":"https:\/\/wbv-obere-havel-obere-tollense.wbv-mv.de\/index.php?rest_route=%2Fwp%2Fv2%2Fmedia&parent=11"}],"curies":[{"name":"wp","href":"https:\/\/api.w.org\/{rel}","templated":true}]}}