{"id":13,"date":"2015-08-31T14:23:56","date_gmt":"2015-08-31T12:23:56","guid":{"rendered":"http:\/\/wbv-obere-havel-obere-tollense.wbv-mv.de\/?page_id=13"},"modified":"2018-10-10T12:02:30","modified_gmt":"2018-10-10T10:02:30","slug":"anfahrt","status":"publish","type":"page","link":"https:\/\/wbv-obere-havel-obere-tollense.wbv-mv.de\/?page_id=13","title":{"rendered":"Anfahrt"},"content":{"rendered":"<h3>&nbsp;<\/h3>\n<p style=\"text-align: center;\" align=\"LEFT\"><i><strong>Wasser- und Bodenverband&nbsp; ,,Obere Havel\/Obere Tollense\u201c<\/strong><br \/>\n<strong>&nbsp;&nbsp;&nbsp;&nbsp;&nbsp;&nbsp;&nbsp;&nbsp;&nbsp;&nbsp;&nbsp;&nbsp;&nbsp; -K\u00f6rperschaft des \u00f6ffentlichen Rechts-&nbsp;&nbsp;&nbsp;&nbsp;&nbsp;&nbsp;&nbsp;<\/strong> <\/i><\/p>\n<p style=\"text-align: center;\" align=\"LEFT\">Ihlenfelder Stra\u00dfe 119<br \/>\n17034 Neubrandenburg<\/p>\n<p style=\"text-align: center;\" align=\"LEFT\">Tel.&nbsp;&nbsp;(0395) 455044- 0<br \/>\nFax&nbsp; (0395) 455044- 10<\/p>\n<p style=\"text-align: center;\" align=\"LEFT\">E-Mail: <a href=\"mailto:wbv-nb@wbv-mv.de\">wbv-nb@wbv-mv.de<\/a><\/p>\n<p align=\"LEFT\">&nbsp;<\/p>\n<p>hier k\u00f6nnen Sie Ihre Anreise planen:<\/p>\n<div id=\"lmm_a6ad38ad\" style=\"width:640px;\" class=\"mapsmarker markermap marker-1\">\n<div id=\"lmm_panel_a6ad38ad\" class=\"lmm-panel\" style=\"background:#efefef;\">\n<div id=\"lmm_panel_api_a6ad38ad\" class=\"lmm-panel-api\"><a href=\"https:\/\/maps.google.com\/maps?daddr=Ihlenfelder+Stra%C3%9Fe+119%2C+Neubrandenburg%2C+Deutschland&amp;t=m&amp;layer=1&amp;doflg=ptk&amp;om=0\" target=\"_blank\" title=\"Wegbeschreibung berechnen\"><img loading=\"lazy\" decoding=\"async\" alt=\"icon-car.png\" src=\"https:\/\/wbv-obere-havel-obere-tollense.wbv-mv.de\/wp-content\/plugins\/leaflet-maps-marker\/inc\/img\/icon-car.png\" width=\"14\" height=\"14\" class=\"lmm-panel-api-images\" \/><\/a><\/div><div id=\"lmm_panel_text_a6ad38ad\" class=\"lmm-panel-text\" style=\"font-weight:bold;color:#373737;\">Verbandssitz WBV 'Obere Havel\/Obere Tollense'<\/div><\/div>\n<div id=\"lmm_map_a6ad38ad\" class=\"lmm-map\" style=\"background:#f6f6f6;border:1px solid #ccc;height:480px; overflow:hidden;padding:0;\"><p style=\"font-size:80%;color:#9f9e9e;margin-left:5px;\">Karte wird geladen - bitte warten...<noscript><br\/><strong>Karte konnte nicht geladen werden - bitte aktivieren Sie Javascript!<\/strong><br\/><a style=\"text-decoration:none;\" href=\"https:\/\/www.mapsmarker.com\/js-disabled\" target=\"_blank\">&rarr; Weitere Informationen<\/a><\/noscript><\/p><\/div>\n<div id=\"lmm_geo_tags_a6ad38ad\" class=\"lmm-geo-tags geo\">\n<span class=\"paneltext\">Verbandssitz WBV \\'Obere Havel\/Obere Tollense\\'<\/span>\n<span class=\"latitude\">53.574900<\/span>, <span class=\"longitude\">13.290250<\/span>\n<span class=\"popuptext\">Wasser- und Bodenverband\r\n\\\"Obere Havel\/Obere Tollense\\\"\r\nIhlenfelder Stra\u00dfe 119\r\n17034 Neubrandenburg\r\n\r\n&nbsp;<\/span>\n<\/div>\n<\/div>\n","protected":false},"excerpt":{"rendered":"<p>&nbsp; Wasser- und Bodenverband&nbsp; ,,Obere Havel\/Obere Tollense\u201c &nbsp;&nbsp;&nbsp;&nbsp;&nbsp;&nbsp;&nbsp;&nbsp;&nbsp;&nbsp;&nbsp;&nbsp;&nbsp; -K\u00f6rperschaft des \u00f6ffentlichen Rechts-&nbsp;&nbsp;&nbsp;&nbsp;&nbsp;&nbsp;&nbsp; Ihlenfelder Stra\u00dfe 119 17034 Neubrandenburg Tel.&nbsp;&nbsp;(0395) 455044- 0 Fax&nbsp; (0395) 455044- 10 E-Mail: wbv-nb@wbv-mv.de &nbsp; hier k\u00f6nnen Sie Ihre Anreise planen:<\/p>\n","protected":false},"author":1,"featured_media":0,"parent":11,"menu_order":0,"comment_status":"closed","ping_status":"closed","template":"","meta":{"kt_blocks_editor_width":"","ngg_post_thumbnail":0,"footnotes":""},"class_list":["post-13","page","type-page","status-publish","hentry"],"_links":{"self":[{"href":"https:\/\/wbv-obere-havel-obere-tollense.wbv-mv.de\/index.php?rest_route=\/wp\/v2\/pages\/13","targetHints":{"allow":["GET"]}}],"collection":[{"href":"https:\/\/wbv-obere-havel-obere-tollense.wbv-mv.de\/index.php?rest_route=\/wp\/v2\/pages"}],"about":[{"href":"https:\/\/wbv-obere-havel-obere-tollense.wbv-mv.de\/index.php?rest_route=\/wp\/v2\/types\/page"}],"author":[{"embeddable":true,"href":"https:\/\/wbv-obere-havel-obere-tollense.wbv-mv.de\/index.php?rest_route=\/wp\/v2\/users\/1"}],"replies":[{"embeddable":true,"href":"https:\/\/wbv-obere-havel-obere-tollense.wbv-mv.de\/index.php?rest_route=%2Fwp%2Fv2%2Fcomments&post=13"}],"version-history":[{"count":13,"href":"https:\/\/wbv-obere-havel-obere-tollense.wbv-mv.de\/index.php?rest_route=\/wp\/v2\/pages\/13\/revisions"}],"predecessor-version":[{"id":472,"href":"https:\/\/wbv-obere-havel-obere-tollense.wbv-mv.de\/index.php?rest_route=\/wp\/v2\/pages\/13\/revisions\/472"}],"up":[{"embeddable":true,"href":"https:\/\/wbv-obere-havel-obere-tollense.wbv-mv.de\/index.php?rest_route=\/wp\/v2\/pages\/11"}],"wp:attachment":[{"href":"https:\/\/wbv-obere-havel-obere-tollense.wbv-mv.de\/index.php?rest_route=%2Fwp%2Fv2%2Fmedia&parent=13"}],"curies":[{"name":"wp","href":"https:\/\/api.w.org\/{rel}","templated":true}]}}