{"id":28,"date":"2015-08-31T14:42:44","date_gmt":"2015-08-31T12:42:44","guid":{"rendered":"http:\/\/wbv-obere-havel-obere-tollense.wbv-mv.de\/?page_id=28"},"modified":"2023-01-06T10:16:39","modified_gmt":"2023-01-06T09:16:39","slug":"gewaesserunterhaltung","status":"publish","type":"page","link":"https:\/\/wbv-obere-havel-obere-tollense.wbv-mv.de\/?page_id=28","title":{"rendered":"Gew\u00e4sserunterhaltung"},"content":{"rendered":"<p><em>Im Zeitraum&nbsp;vom&nbsp;<strong>15. Juli bis 30. November 2023 <\/strong>werden an den Gew\u00e4ssern II. Ordnung im Verbandsgebiet die B\u00f6schungen gem\u00e4ht,&nbsp; die Gew\u00e4ssersohlen gekrautet und Teilabschnitte werden grundger\u00e4umt. Grundlage der Arbeiten sind die Gew\u00e4sserunterhaltungspl\u00e4ne des Verbands. Grundst\u00fcckseigent\u00fcmer, Anlieger und Hinterlieger werden gem\u00e4\u00df Wasserhaushaltsgesetz (WHG) gebeten, das Betreten oder Befahren ihrer Grundst\u00fccke zur Gew\u00e4sserunterhaltung zu erm\u00f6glichen und alle Handlungen zu unterlassen, die die Unterhaltung unm\u00f6glich machen oder wesentlich erschweren.<\/em><\/p>\n<p>&nbsp;<\/p>\n<p><a href=\"https:\/\/wbv-obere-havel-obere-tollense.wbv-mv.de\/wp-content\/uploads\/2019\/02\/IMG-20190212-WA0093.jpg\"><img loading=\"lazy\" decoding=\"async\" class=\"aligncenter size-full wp-image-548\" src=\"https:\/\/wbv-obere-havel-obere-tollense.wbv-mv.de\/wp-content\/uploads\/2019\/02\/IMG-20190212-WA0093.jpg\" alt=\"\" width=\"1200\" height=\"1599\" srcset=\"https:\/\/wbv-obere-havel-obere-tollense.wbv-mv.de\/wp-content\/uploads\/2019\/02\/IMG-20190212-WA0093.jpg 1200w, https:\/\/wbv-obere-havel-obere-tollense.wbv-mv.de\/wp-content\/uploads\/2019\/02\/IMG-20190212-WA0093-225x300.jpg 225w, https:\/\/wbv-obere-havel-obere-tollense.wbv-mv.de\/wp-content\/uploads\/2019\/02\/IMG-20190212-WA0093-768x1024.jpg 768w, https:\/\/wbv-obere-havel-obere-tollense.wbv-mv.de\/wp-content\/uploads\/2019\/02\/IMG-20190212-WA0093-816x1087.jpg 816w\" sizes=\"auto, (max-width: 1200px) 100vw, 1200px\" \/><\/a><\/p>\n<p>&nbsp;<\/p>\n","protected":false},"excerpt":{"rendered":"<p>Im Zeitraum&nbsp;vom&nbsp;15. Juli bis 30. November 2023 werden an den Gew\u00e4ssern II. Ordnung im Verbandsgebiet die B\u00f6schungen gem\u00e4ht,&nbsp; die Gew\u00e4ssersohlen gekrautet und Teilabschnitte werden grundger\u00e4umt. Grundlage der Arbeiten sind die Gew\u00e4sserunterhaltungspl\u00e4ne des Verbands. Grundst\u00fcckseigent\u00fcmer, Anlieger und Hinterlieger werden gem\u00e4\u00df Wasserhaushaltsgesetz &hellip; <a href=\"https:\/\/wbv-obere-havel-obere-tollense.wbv-mv.de\/?page_id=28\">Weiter<\/a><\/p>\n","protected":false},"author":1,"featured_media":0,"parent":7,"menu_order":0,"comment_status":"closed","ping_status":"closed","template":"","meta":{"kt_blocks_editor_width":"","ngg_post_thumbnail":0,"footnotes":""},"class_list":["post-28","page","type-page","status-publish","hentry"],"_links":{"self":[{"href":"https:\/\/wbv-obere-havel-obere-tollense.wbv-mv.de\/index.php?rest_route=\/wp\/v2\/pages\/28","targetHints":{"allow":["GET"]}}],"collection":[{"href":"https:\/\/wbv-obere-havel-obere-tollense.wbv-mv.de\/index.php?rest_route=\/wp\/v2\/pages"}],"about":[{"href":"https:\/\/wbv-obere-havel-obere-tollense.wbv-mv.de\/index.php?rest_route=\/wp\/v2\/types\/page"}],"author":[{"embeddable":true,"href":"https:\/\/wbv-obere-havel-obere-tollense.wbv-mv.de\/index.php?rest_route=\/wp\/v2\/users\/1"}],"replies":[{"embeddable":true,"href":"https:\/\/wbv-obere-havel-obere-tollense.wbv-mv.de\/index.php?rest_route=%2Fwp%2Fv2%2Fcomments&post=28"}],"version-history":[{"count":18,"href":"https:\/\/wbv-obere-havel-obere-tollense.wbv-mv.de\/index.php?rest_route=\/wp\/v2\/pages\/28\/revisions"}],"predecessor-version":[{"id":754,"href":"https:\/\/wbv-obere-havel-obere-tollense.wbv-mv.de\/index.php?rest_route=\/wp\/v2\/pages\/28\/revisions\/754"}],"up":[{"embeddable":true,"href":"https:\/\/wbv-obere-havel-obere-tollense.wbv-mv.de\/index.php?rest_route=\/wp\/v2\/pages\/7"}],"wp:attachment":[{"href":"https:\/\/wbv-obere-havel-obere-tollense.wbv-mv.de\/index.php?rest_route=%2Fwp%2Fv2%2Fmedia&parent=28"}],"curies":[{"name":"wp","href":"https:\/\/api.w.org\/{rel}","templated":true}]}}