{"id":30,"date":"2015-08-31T14:43:12","date_gmt":"2015-08-31T12:43:12","guid":{"rendered":"http:\/\/wbv-obere-havel-obere-tollense.wbv-mv.de\/?page_id=30"},"modified":"2018-10-10T12:04:32","modified_gmt":"2018-10-10T10:04:32","slug":"anlagen-schoepfwerke","status":"publish","type":"page","link":"https:\/\/wbv-obere-havel-obere-tollense.wbv-mv.de\/?page_id=30","title":{"rendered":"Anlagenbestand"},"content":{"rendered":"<h2>&nbsp;<\/h2>\n<p><strong>Verbandsgr\u00f6\u00dfe &gt;&nbsp;&nbsp; <\/strong>190.901,7299 ha<\/p>\n<p><strong>offene Gew\u00e4sser &gt;&nbsp;&nbsp; &nbsp;<\/strong>1.425.461 m<\/p>\n<p><strong>verrohrte Gew\u00e4sser &gt;&nbsp;&nbsp; <\/strong>628.757 m<\/p>\n<p><strong>Gew\u00e4sser, gesamt&nbsp; &gt;&nbsp;&nbsp; <\/strong>2.054.218 m<\/p>\n<p><strong>Gew\u00e4sserdichte&nbsp; <\/strong><strong>&gt;&nbsp;&nbsp; <\/strong>11,12 m\/ha<\/p>\n<p><strong>Stauanlagen &nbsp;&gt;&nbsp;&nbsp; <\/strong>352 St\u00fcck<\/p>\n<p><strong>sonstige Bauwerke<\/strong> <strong>(FAA)&nbsp;&nbsp;&gt;&nbsp;&nbsp; <\/strong>6 St\u00fcck<\/p>\n<p><strong>Wehre&nbsp; &gt;&nbsp;&nbsp; <\/strong>20 St\u00fcck<\/p>\n<p><strong>Durchl\u00e4sse&nbsp;&gt;&nbsp;&nbsp; <\/strong>St\u00fcck 2.620<\/p>\n<p><strong>Deiche&nbsp; &gt;&nbsp;&nbsp; <\/strong>33.448&nbsp;m&nbsp;&nbsp;&nbsp;&nbsp;&nbsp;<strong>&nbsp;<\/strong><\/p>\n<p><strong>Vorteilsfl\u00e4che Deiche&nbsp;&nbsp;&gt;&nbsp;&nbsp; <\/strong>3.173 ha<\/p>\n<p><strong>Sch\u00f6pfwerke (SW)&nbsp;&gt;&nbsp;&nbsp; <\/strong>35&nbsp;St\u00fcck&nbsp;<strong>&nbsp;&nbsp;<\/strong><\/p>\n<p><strong>Einzugsgebietsfl\u00e4che =Niederschlagsgebiet (SW)&nbsp; &gt;&nbsp;&nbsp; <\/strong>11.346,7285 ha<\/p>\n<p><a href=\"http:\/\/wbv-obere-havel-obere-tollense.wbv-mv.de\/wp-content\/uploads\/2015\/08\/BildGWU.jpg\"><img loading=\"lazy\" decoding=\"async\" class=\"wp-image-380 aligncenter\" src=\"http:\/\/wbv-obere-havel-obere-tollense.wbv-mv.de\/wp-content\/uploads\/2015\/08\/BildGWU.jpg\" alt=\"\" width=\"719\" height=\"539\" srcset=\"https:\/\/wbv-obere-havel-obere-tollense.wbv-mv.de\/wp-content\/uploads\/2015\/08\/BildGWU.jpg 960w, https:\/\/wbv-obere-havel-obere-tollense.wbv-mv.de\/wp-content\/uploads\/2015\/08\/BildGWU-300x225.jpg 300w, https:\/\/wbv-obere-havel-obere-tollense.wbv-mv.de\/wp-content\/uploads\/2015\/08\/BildGWU-768x576.jpg 768w, https:\/\/wbv-obere-havel-obere-tollense.wbv-mv.de\/wp-content\/uploads\/2015\/08\/BildGWU-816x612.jpg 816w\" sizes=\"auto, (max-width: 719px) 100vw, 719px\" \/><\/a><\/p>\n<p>&nbsp;<\/p>\n<p>&nbsp;<\/p>\n<p>&nbsp;<\/p>\n<p>&nbsp;<\/p>\n","protected":false},"excerpt":{"rendered":"<p>&nbsp; Verbandsgr\u00f6\u00dfe &gt;&nbsp;&nbsp; 190.901,7299 ha offene Gew\u00e4sser &gt;&nbsp;&nbsp; &nbsp;1.425.461 m verrohrte Gew\u00e4sser &gt;&nbsp;&nbsp; 628.757 m Gew\u00e4sser, gesamt&nbsp; &gt;&nbsp;&nbsp; 2.054.218 m Gew\u00e4sserdichte&nbsp; &gt;&nbsp;&nbsp; 11,12 m\/ha Stauanlagen &nbsp;&gt;&nbsp;&nbsp; 352 St\u00fcck sonstige Bauwerke (FAA)&nbsp;&nbsp;&gt;&nbsp;&nbsp; 6 St\u00fcck Wehre&nbsp; &gt;&nbsp;&nbsp; 20 St\u00fcck Durchl\u00e4sse&nbsp;&gt;&nbsp;&nbsp; St\u00fcck 2.620 &hellip; <a href=\"https:\/\/wbv-obere-havel-obere-tollense.wbv-mv.de\/?page_id=30\">Weiter<\/a><\/p>\n","protected":false},"author":1,"featured_media":0,"parent":7,"menu_order":0,"comment_status":"closed","ping_status":"closed","template":"","meta":{"kt_blocks_editor_width":"","ngg_post_thumbnail":0,"footnotes":""},"class_list":["post-30","page","type-page","status-publish","hentry"],"_links":{"self":[{"href":"https:\/\/wbv-obere-havel-obere-tollense.wbv-mv.de\/index.php?rest_route=\/wp\/v2\/pages\/30","targetHints":{"allow":["GET"]}}],"collection":[{"href":"https:\/\/wbv-obere-havel-obere-tollense.wbv-mv.de\/index.php?rest_route=\/wp\/v2\/pages"}],"about":[{"href":"https:\/\/wbv-obere-havel-obere-tollense.wbv-mv.de\/index.php?rest_route=\/wp\/v2\/types\/page"}],"author":[{"embeddable":true,"href":"https:\/\/wbv-obere-havel-obere-tollense.wbv-mv.de\/index.php?rest_route=\/wp\/v2\/users\/1"}],"replies":[{"embeddable":true,"href":"https:\/\/wbv-obere-havel-obere-tollense.wbv-mv.de\/index.php?rest_route=%2Fwp%2Fv2%2Fcomments&post=30"}],"version-history":[{"count":11,"href":"https:\/\/wbv-obere-havel-obere-tollense.wbv-mv.de\/index.php?rest_route=\/wp\/v2\/pages\/30\/revisions"}],"predecessor-version":[{"id":473,"href":"https:\/\/wbv-obere-havel-obere-tollense.wbv-mv.de\/index.php?rest_route=\/wp\/v2\/pages\/30\/revisions\/473"}],"up":[{"embeddable":true,"href":"https:\/\/wbv-obere-havel-obere-tollense.wbv-mv.de\/index.php?rest_route=\/wp\/v2\/pages\/7"}],"wp:attachment":[{"href":"https:\/\/wbv-obere-havel-obere-tollense.wbv-mv.de\/index.php?rest_route=%2Fwp%2Fv2%2Fmedia&parent=30"}],"curies":[{"name":"wp","href":"https:\/\/api.w.org\/{rel}","templated":true}]}}