{"id":36,"date":"2015-08-31T14:44:13","date_gmt":"2015-08-31T12:44:13","guid":{"rendered":"http:\/\/wbv-obere-havel-obere-tollense.wbv-mv.de\/?page_id=36"},"modified":"2026-01-05T09:15:55","modified_gmt":"2026-01-05T08:15:55","slug":"vorstand","status":"publish","type":"page","link":"https:\/\/wbv-obere-havel-obere-tollense.wbv-mv.de\/?page_id=36","title":{"rendered":"Vorstand"},"content":{"rendered":"<p><strong><em><u>Vorstand: vertritt Amt\/ Stadt\/ Gemeinde:<\/u><\/em><\/strong><\/p>\n<p>&nbsp;<\/p>\n<p>&nbsp;Verbandsvorsteher&nbsp; Hartmut Lehmann \/ Amt R\u00f6bel- M\u00fcritz<\/p>\n<ol>\n<li>Stellvertreter&nbsp; &nbsp; Dr. Reiner St\u00f6hring \/ <em>Gemeinde Feldberger Seenlandschaft<\/em><\/li>\n<li>Stellvertreter&nbsp; &nbsp; Stefan Mann \/ <em>Amt Treptower Tollensewinkel<\/em><\/li>\n<li style=\"list-style-type: none;\">&nbsp;<\/li>\n<\/ol>\n<p>&nbsp;<\/p>\n<p><strong><em><u>Vorstandsmitglieder:<\/u><\/em><\/strong><\/p>\n<ul>\n<li>Marie Lasse \/ <em>Amt Neverin<\/em><\/li>\n<li>Steffen Br\u00fcser \/ Stadt Neubrandenburg<\/li>\n<li>Malte Bl\u00f6cker \/ <em>Amt Neustrelitz Land<\/em><em><br \/>\n<\/em><\/li>\n<li>Birgit Gulich \/ <em>Amt Mecklenburgische Kleinseenplatte<\/em><\/li>\n<li>Joachim Adolphi \/ <em>Amt Stavenhagen&nbsp;<\/em><\/li>\n<li>Volker Ro\u00df<em> \/ Stadt Neustrelitz<\/em><\/li>\n<li>Robert Ernst \/ <em>Amt Penzliner Land<\/em><\/li>\n<li>Hartmut Kieckbusch \/<em> Amt Woldegk<\/em><\/li>\n<li>Rosemarie Kroh \/<em> Amt Stargarder Land<\/em><\/li>\n<\/ul>\n<p>&nbsp;<\/p>\n<p>&nbsp;<\/p>\n<p>&nbsp;<\/p>\n<p>&nbsp;<\/p>\n<p>&nbsp;<\/p>\n<p>&nbsp;<\/p>\n<p>&nbsp;<\/p>\n<p>&nbsp;<\/p>\n","protected":false},"excerpt":{"rendered":"<p>Vorstand: vertritt Amt\/ Stadt\/ Gemeinde: &nbsp; &nbsp;Verbandsvorsteher&nbsp; Hartmut Lehmann \/ Amt R\u00f6bel- M\u00fcritz Stellvertreter&nbsp; &nbsp; Dr. Reiner St\u00f6hring \/ Gemeinde Feldberger Seenlandschaft Stellvertreter&nbsp; &nbsp; Stefan Mann \/ Amt Treptower Tollensewinkel &nbsp; &nbsp; Vorstandsmitglieder: Marie Lasse \/ Amt Neverin Steffen Br\u00fcser &hellip; <a href=\"https:\/\/wbv-obere-havel-obere-tollense.wbv-mv.de\/?page_id=36\">Weiter<\/a><\/p>\n","protected":false},"author":1,"featured_media":0,"parent":9,"menu_order":0,"comment_status":"closed","ping_status":"closed","template":"","meta":{"kt_blocks_editor_width":"","ngg_post_thumbnail":0,"footnotes":""},"class_list":["post-36","page","type-page","status-publish","hentry"],"_links":{"self":[{"href":"https:\/\/wbv-obere-havel-obere-tollense.wbv-mv.de\/index.php?rest_route=\/wp\/v2\/pages\/36","targetHints":{"allow":["GET"]}}],"collection":[{"href":"https:\/\/wbv-obere-havel-obere-tollense.wbv-mv.de\/index.php?rest_route=\/wp\/v2\/pages"}],"about":[{"href":"https:\/\/wbv-obere-havel-obere-tollense.wbv-mv.de\/index.php?rest_route=\/wp\/v2\/types\/page"}],"author":[{"embeddable":true,"href":"https:\/\/wbv-obere-havel-obere-tollense.wbv-mv.de\/index.php?rest_route=\/wp\/v2\/users\/1"}],"replies":[{"embeddable":true,"href":"https:\/\/wbv-obere-havel-obere-tollense.wbv-mv.de\/index.php?rest_route=%2Fwp%2Fv2%2Fcomments&post=36"}],"version-history":[{"count":22,"href":"https:\/\/wbv-obere-havel-obere-tollense.wbv-mv.de\/index.php?rest_route=\/wp\/v2\/pages\/36\/revisions"}],"predecessor-version":[{"id":847,"href":"https:\/\/wbv-obere-havel-obere-tollense.wbv-mv.de\/index.php?rest_route=\/wp\/v2\/pages\/36\/revisions\/847"}],"up":[{"embeddable":true,"href":"https:\/\/wbv-obere-havel-obere-tollense.wbv-mv.de\/index.php?rest_route=\/wp\/v2\/pages\/9"}],"wp:attachment":[{"href":"https:\/\/wbv-obere-havel-obere-tollense.wbv-mv.de\/index.php?rest_route=%2Fwp%2Fv2%2Fmedia&parent=36"}],"curies":[{"name":"wp","href":"https:\/\/api.w.org\/{rel}","templated":true}]}}