{"id":38,"date":"2015-08-31T14:44:33","date_gmt":"2015-08-31T12:44:33","guid":{"rendered":"http:\/\/wbv-obere-havel-obere-tollense.wbv-mv.de\/?page_id=38"},"modified":"2025-09-22T11:52:57","modified_gmt":"2025-09-22T09:52:57","slug":"mitarbeiter","status":"publish","type":"page","link":"https:\/\/wbv-obere-havel-obere-tollense.wbv-mv.de\/?page_id=38","title":{"rendered":"Mitarbeiter der Gesch\u00e4ftsstelle"},"content":{"rendered":"<p><strong><em><u>Gesch\u00e4ftsf\u00fchrung:<\/u><\/em><\/strong><\/p>\n<p>Herr Toni Hauck &#8211; Tel:&nbsp; 0395\/ 455 044- 0<\/p>\n<p>Mobil:&nbsp;<\/p>\n<p>E-Mail:&nbsp; &nbsp; &nbsp; &nbsp; &nbsp; &nbsp; &nbsp; &nbsp; &nbsp; &nbsp; &nbsp; <a href=\"hauck@wbv-mv.de\">hauck@wbv-mv.de<\/a><\/p>\n<p><strong><em><u>Kauffrau:<\/u><\/em><\/strong><\/p>\n<p>Frau Tina Adomeit &#8211; Tel:&nbsp; 0395\/ 455 044- 0<\/p>\n<p>Mobil: 0155\/ 62648985<\/p>\n<p>E-Mail: &nbsp; &nbsp; &nbsp; &nbsp; &nbsp; &nbsp; &nbsp; &nbsp; &nbsp; &nbsp;&nbsp;<a href=\"wbv-nb@wbv-mv.de\">wbv-nb@wbv-mv.de<\/a><\/p>\n<p><em><strong><u>Verbandsingenieur f\u00fcr den UHB 1\/2 :<br \/>\n<\/u><\/strong><\/em><\/p>\n<p>Herr Sven Hoff- Tel: 0395\/ 455 044- 0<\/p>\n<p>Mobil: 0160\/ 96935191<\/p>\n<p>E-Mail:&nbsp;&nbsp;&nbsp;&nbsp;&nbsp;&nbsp;&nbsp;&nbsp;&nbsp;&nbsp;&nbsp;&nbsp;&nbsp;&nbsp;&nbsp;&nbsp;&nbsp;&nbsp;&nbsp;&nbsp;<a href=\"mailto:hoff@wbv-mv.de\"> hoff@wbv-mv.de<\/a><\/p>\n<p><em><strong><u>Verbandsingenieur f\u00fcr den UHB 3\/4 &amp; Sch\u00f6pfwerke:<\/u><\/strong><\/em><\/p>\n<p>Herr Falko Stapel &#8211; Tel: 0395\/ 455 044- 0<\/p>\n<p>Mobil: 0155\/ 62649119<\/p>\n<p>E-Mail:&nbsp;&nbsp;&nbsp;&nbsp;&nbsp;&nbsp;&nbsp;&nbsp;&nbsp;&nbsp;&nbsp;&nbsp;&nbsp;&nbsp;&nbsp;&nbsp;&nbsp;&nbsp;&nbsp;&nbsp;&nbsp;<a href=\"mailto:frank.filter@wbv-mv.de\"> stapel@wbv-mv.de<\/a><\/p>\n<p><em><strong><u>Verbandsingenieur f\u00fcr den UHB 5\/6&nbsp; &amp; Sch\u00f6pfwerke:<br \/>\n<\/u><\/strong><\/em><\/p>\n<p>Herr Stefan Sch\u00fcler &#8211; Tel: 0395\/ 455044 -0<\/p>\n<p>Mobil: 0170\/ 3024826<\/p>\n<p>E-Mail:&nbsp;&nbsp;&nbsp;&nbsp;&nbsp;&nbsp;&nbsp;&nbsp;&nbsp;&nbsp;&nbsp;&nbsp;&nbsp;&nbsp;&nbsp;&nbsp;&nbsp;&nbsp;&nbsp;&nbsp;&nbsp; <a href=\"mailto:schueler@wbv-mv.de\">schueler@wbv-mv.de<\/a><\/p>\n<p>&nbsp;<\/p>\n<h2 style=\"padding-left: 30px;\">&nbsp;<\/h2>\n<p style=\"text-align: justify;\">&nbsp;<\/p>\n","protected":false},"excerpt":{"rendered":"<p>Gesch\u00e4ftsf\u00fchrung: Herr Toni Hauck &#8211; Tel:&nbsp; 0395\/ 455 044- 0 Mobil:&nbsp; E-Mail:&nbsp; &nbsp; &nbsp; &nbsp; &nbsp; &nbsp; &nbsp; &nbsp; &nbsp; &nbsp; &nbsp; hauck@wbv-mv.de Kauffrau: Frau Tina Adomeit &#8211; Tel:&nbsp; 0395\/ 455 044- 0 Mobil: 0155\/ 62648985 E-Mail: &nbsp; &nbsp; &nbsp; &hellip; <a href=\"https:\/\/wbv-obere-havel-obere-tollense.wbv-mv.de\/?page_id=38\">Weiter<\/a><\/p>\n","protected":false},"author":1,"featured_media":0,"parent":9,"menu_order":0,"comment_status":"closed","ping_status":"closed","template":"","meta":{"kt_blocks_editor_width":"","ngg_post_thumbnail":0,"footnotes":""},"class_list":["post-38","page","type-page","status-publish","hentry"],"_links":{"self":[{"href":"https:\/\/wbv-obere-havel-obere-tollense.wbv-mv.de\/index.php?rest_route=\/wp\/v2\/pages\/38","targetHints":{"allow":["GET"]}}],"collection":[{"href":"https:\/\/wbv-obere-havel-obere-tollense.wbv-mv.de\/index.php?rest_route=\/wp\/v2\/pages"}],"about":[{"href":"https:\/\/wbv-obere-havel-obere-tollense.wbv-mv.de\/index.php?rest_route=\/wp\/v2\/types\/page"}],"author":[{"embeddable":true,"href":"https:\/\/wbv-obere-havel-obere-tollense.wbv-mv.de\/index.php?rest_route=\/wp\/v2\/users\/1"}],"replies":[{"embeddable":true,"href":"https:\/\/wbv-obere-havel-obere-tollense.wbv-mv.de\/index.php?rest_route=%2Fwp%2Fv2%2Fcomments&post=38"}],"version-history":[{"count":29,"href":"https:\/\/wbv-obere-havel-obere-tollense.wbv-mv.de\/index.php?rest_route=\/wp\/v2\/pages\/38\/revisions"}],"predecessor-version":[{"id":828,"href":"https:\/\/wbv-obere-havel-obere-tollense.wbv-mv.de\/index.php?rest_route=\/wp\/v2\/pages\/38\/revisions\/828"}],"up":[{"embeddable":true,"href":"https:\/\/wbv-obere-havel-obere-tollense.wbv-mv.de\/index.php?rest_route=\/wp\/v2\/pages\/9"}],"wp:attachment":[{"href":"https:\/\/wbv-obere-havel-obere-tollense.wbv-mv.de\/index.php?rest_route=%2Fwp%2Fv2%2Fmedia&parent=38"}],"curies":[{"name":"wp","href":"https:\/\/api.w.org\/{rel}","templated":true}]}}