{"id":464,"date":"2018-06-26T11:21:10","date_gmt":"2018-06-26T09:21:10","guid":{"rendered":"http:\/\/wbv-obere-havel-obere-tollense.wbv-mv.de\/?page_id=464"},"modified":"2018-06-26T11:21:10","modified_gmt":"2018-06-26T09:21:10","slug":"datenschutzerklaerung","status":"publish","type":"page","link":"https:\/\/wbv-obere-havel-obere-tollense.wbv-mv.de\/?page_id=464","title":{"rendered":"Datenschutzerkl\u00e4rung"},"content":{"rendered":"<div class=\"content-wrapper\">\n<section class=\"main-content\" role=\"main\">\n<div id=\"datenschutzerklaerung\" class=\"mod_article first last block\">\n<div class=\"ce_text first last block\">\n<h3>Datenschutzerkl\u00e4rung<\/h3>\n<p>Der Schutz Ihrer pers\u00f6nlichen Daten ist uns ein besonderes Anliegen. Wir verarbeiten Ihre Daten daher ausschlie\u00dflich auf Grundlage der gesetzlichen Bestimmungen (EU-Datenschutzgrundverordnung, Telemediengesetz). In diesen Datenschutzinformationen informieren wir Sie \u00fcber die wichtigsten Aspekte der Datenverarbeitung im Rahmen unserer Website.<\/p>\n<p><strong>Speicherung von Zugriffsdaten<\/strong><\/p>\n<p>Bei jedem Zugriff eines Nutzers auf eine Seite aus dem Angebot des Landesverbandes der Wasser- und Bodenverb\u00e4nde Mecklenburg-Vorpommern und bei jedem Abruf einer Datei werden Zugriffsdaten \u00fcber diesen Vorgang in einer Protokolldatei auf unserem Server gespeichert.<\/p>\n<p>Jeder Datensatz besteht aus:<\/p>\n<ul>\n<li>der Seite, von der aus die Datei angefordert wurde (sog. Referrer-URL)<\/li>\n<li>dem Namen der Datei<\/li>\n<li>dem Datum und Uhrzeit der Anforderung (sog. &#8222;time stamp&#8220;)<\/li>\n<li>der \u00fcbertragenen Datenmenge<\/li>\n<li>dem Zugriffsstatus (Datei \u00fcbertragen, Datei nicht gefunden etc.)<\/li>\n<li>einer Beschreibung des Typs des verwendeten Internetbetrachtungsprogramms (engl. &#8222;web browser&#8220;, abgek\u00fcrzt &#8222;browser&#8220;; z.B. Microsoft Internetexplorer, Microsoft Edge, Mozilla Firefox, Google Chrome oder Apple Safari, Opera etc.)<\/li>\n<\/ul>\n<p>Die gespeicherten Daten werden ausschlie\u00dflich zu statistischen Zwecken ausgewertet, eine Weitergabe an Dritte, weder zu kommerziellen noch zu nichtkommerziellen Zwecken, findet nicht statt.<\/p>\n<p><strong>Datenl\u00f6schung und Speicherung<\/strong><\/p>\n<p>Ihre personenbezogenen Daten werden gel\u00f6scht oder gesperrt, sobald der Zweck der Speicherung entf\u00e4llt. Eine l\u00e4ngere Speicherung kann dann erfolgen, wenn der L\u00f6schung eine gesetzliche Aufbewahrungsfrist entgegensteht. Eine Weitergabe an Dritte erfolgt nicht.<\/p>\n<p><strong>Google Maps<\/strong><\/p>\n<p>Die Webseite wbv-mv.de verwendet&nbsp;Google Maps&nbsp;API, um geographische Informationen visuell darzustellen. Bei der Nutzung von Google Maps werden von Google auch Daten \u00fcber die Nutzung der Maps-Funktionen durch Besucher der Webseiten erhoben, verarbeitet und genutzt. N\u00e4here Informationen \u00fcber die Datenverarbeitung durch Google k\u00f6nnen Sie den <a href=\"http:\/\/www.google.com\/privacypolicy.html\">Datenschutzhinweisen von Google<\/a> entnehmen. Dort k\u00f6nnen Sie im Datenschutzcenter auch Ihre Einstellungen ver\u00e4ndern, so dass Sie Ihre Daten verwalten und sch\u00fctzen k\u00f6nnen. <a href=\"http:\/\/www.dataliberation.org\/\">Hier finden Sie weitergehende Anleitungen zum Verwalten der eigenen Daten im Zusammenhang mit Google-Produkten.<\/a><\/p>\n<p><strong>Eingebundene YouTube-Videos<\/strong><\/p>\n<p>Die Webseite wbv-mv.de bindet YouTube-Videos ein. Die eingebundenen Clips legen bei dem Aufrufen der Seite Cookies auf den Computern der Nutzer ab. Wer das Setzen von Cookies f\u00fcr das Google-Werbeprogramm deaktiviert hat, wird auch beim Aufrufen von YouTube-Clips mit keinen solchen Cookies rechnen m\u00fcssen. YouTube legt aber auch in anderen Cookies nicht-personenbezogene Nutzungsinformationen ab. M\u00f6chten Sie dies verhindern, m\u00fcssen Sie das im Browser blockieren.&nbsp;<\/p>\n<p><strong>Links zu anderen Webseiten<\/strong><\/p>\n<p>Unsere Webseite enth\u00e4lt Links zu anderen Webseiten. Der Landesverband der Wasser- und Bodenverb\u00e4nde Mecklenburg-Vorpommern hat keinen Einfluss darauf, ob deren Betreiber die Datenschutzbestimmungen einhalten. Bitte informieren Sie sich jeweils in den dortigen Datenschutzerkl\u00e4rungen.<\/p>\n<p><strong>Ihre Rechte<\/strong><\/p>\n<p>Ihnen stehen grunds\u00e4tzlich die Rechte auf Auskunft, Berichtigung, L\u00f6schung, Einschr\u00e4nkung, Daten\u00fcbertragbarkeit, Widerruf und Widerspruch zu. Wenn Sie glauben, dass die Verarbeitung Ihrer Daten gegen das Datenschutzrecht verst\u00f6\u00dft oder Ihre datenschutzrechtlichen Anspr\u00fcche sonst in einer Weise verletzt worden sind, k\u00f6nnen Sie sich bei der Aufsichtsbeh\u00f6rde beschweren. In Deutschland sind dies die jeweiligen Landes-Datenschutzbeauftragten.<\/p>\n<p><strong>\u00c4nderungsvorbehalt<\/strong><\/p>\n<p>Der Landesverband der Wasser- und Bodenverb\u00e4nde Mecklenburg-Vorpommern beh\u00e4lt sich das Recht vor, diese Erkl\u00e4rung zum Datenschutz unter Beachtung der rechtlichen Vorgaben jederzeit zu \u00e4ndern.<\/p>\n<p><strong>Datenschutzbeauftragter des Landesverbandes der Wasser- und Bodenverb\u00e4nde Mecklenburg-Vorpommern<\/strong><\/p>\n<p>Sollten Sie Fragen und Anregungen zur Verarbeitung Ihrer personenbezogenen Daten durch uns haben, sind uns diese sehr willkommen. In diesem Fall erreichen Sie unseren Datenschutzbeauftragten (DSB) wie folgt:<\/p>\n<p><strong>postalisch:<\/strong><\/p>\n<p><strong>Landesverband der Wasser- und Bodenverb\u00e4nde Mecklenburg-Vorpommern<\/strong><strong><br \/>\n<\/strong><strong>Der Datenschutzbeauftragte<\/strong><strong><br \/>\n<\/strong><strong>Wiener Platz 4<\/strong><strong><br \/>\n<\/strong><strong>18069 Rostock<\/strong><\/p>\n<p><strong>per E-Mail:<\/strong><strong><br \/>\n<\/strong><a href=\"mailto:lv-dsb@wbv-mv.de\">lv-dsb@wbv-mv.de<\/a><\/p>\n<p><strong>oder per Fax:<\/strong><strong><br \/>\n<\/strong><strong>0381- 808 79 16<\/strong><\/p>\n<p><strong>Stand der Datenschutzerkl\u00e4rung<br \/>\nMai 2018<\/strong><\/p>\n<\/div>\n<\/div>\n<\/section>\n<\/div>\n","protected":false},"excerpt":{"rendered":"<p>Datenschutzerkl\u00e4rung Der Schutz Ihrer pers\u00f6nlichen Daten ist uns ein besonderes Anliegen. Wir verarbeiten Ihre Daten daher ausschlie\u00dflich auf Grundlage der gesetzlichen Bestimmungen (EU-Datenschutzgrundverordnung, Telemediengesetz). In diesen Datenschutzinformationen informieren wir Sie \u00fcber die wichtigsten Aspekte der Datenverarbeitung im Rahmen unserer Website. &hellip; <a href=\"https:\/\/wbv-obere-havel-obere-tollense.wbv-mv.de\/?page_id=464\">Weiter<\/a><\/p>\n","protected":false},"author":2,"featured_media":0,"parent":0,"menu_order":0,"comment_status":"closed","ping_status":"closed","template":"","meta":{"kt_blocks_editor_width":"","ngg_post_thumbnail":0,"footnotes":""},"class_list":["post-464","page","type-page","status-publish","hentry"],"_links":{"self":[{"href":"https:\/\/wbv-obere-havel-obere-tollense.wbv-mv.de\/index.php?rest_route=\/wp\/v2\/pages\/464","targetHints":{"allow":["GET"]}}],"collection":[{"href":"https:\/\/wbv-obere-havel-obere-tollense.wbv-mv.de\/index.php?rest_route=\/wp\/v2\/pages"}],"about":[{"href":"https:\/\/wbv-obere-havel-obere-tollense.wbv-mv.de\/index.php?rest_route=\/wp\/v2\/types\/page"}],"author":[{"embeddable":true,"href":"https:\/\/wbv-obere-havel-obere-tollense.wbv-mv.de\/index.php?rest_route=\/wp\/v2\/users\/2"}],"replies":[{"embeddable":true,"href":"https:\/\/wbv-obere-havel-obere-tollense.wbv-mv.de\/index.php?rest_route=%2Fwp%2Fv2%2Fcomments&post=464"}],"version-history":[{"count":1,"href":"https:\/\/wbv-obere-havel-obere-tollense.wbv-mv.de\/index.php?rest_route=\/wp\/v2\/pages\/464\/revisions"}],"predecessor-version":[{"id":466,"href":"https:\/\/wbv-obere-havel-obere-tollense.wbv-mv.de\/index.php?rest_route=\/wp\/v2\/pages\/464\/revisions\/466"}],"wp:attachment":[{"href":"https:\/\/wbv-obere-havel-obere-tollense.wbv-mv.de\/index.php?rest_route=%2Fwp%2Fv2%2Fmedia&parent=464"}],"curies":[{"name":"wp","href":"https:\/\/api.w.org\/{rel}","templated":true}]}}